{"id":29306,"date":"2021-03-20T08:35:07","date_gmt":"2021-03-20T08:35:07","guid":{"rendered":"http:\/\/penguin.trespuntoscomunicacion.es\/?page_id=29306"},"modified":"2024-02-26T13:13:12","modified_gmt":"2024-02-26T11:13:12","slug":"politica-de-cookies","status":"publish","type":"page","link":"https:\/\/penguinaula.com\/es\/politica-de-cookies\/","title":{"rendered":"Pol\u00edtica de Cookies"},"content":{"rendered":"<p><strong>Pol\u00edtica de Cookies<\/strong><\/p>\n<p>Esta p\u00e1gina web, como muchas otras, utiliza peque\u00f1os archivos inform\u00e1ticos llamados \u00abcookies\u00bb (galletitas) que te permiten mejorar tu experiencia como usuario. A continuaci\u00f3n, tal y como exige el art\u00edculo 22.1 de la Ley 34\/2002, de 11 de julio de Servicios de la Sociedad de Informaci\u00f3n y Comercio Electr\u00f3nico (\u201cLSSI\u201d) te informamos sobre ellas y te explicamos c\u00f3mo configurarlas. Esta p\u00e1gina contiene informaci\u00f3n acerca de lo que son las cookies, qu\u00e9 tipos de cookie existen, las cookies que utiliza <u>penguinaula.com<\/u>, c\u00f3mo desactivar las cookies en tu navegador, c\u00f3mo desactivar espec\u00edficamente las cookies de terceros para anuncios y otros enlaces informativos de utilidad sobre el tema.<\/p>\n<p>Hemos procurado explicar todos los puntos importantes de manera sencilla y clara para una mayor comprensi\u00f3n. Si crees que hemos olvidado algo o sigues teniendo dudas sobre c\u00f3mo utilizamos las cookies, por favor, ponte en contacto con nosotros escribiendo a\u00a0<a href=\"mailto:lopd@penguinrandomhouse.com\">lopd@penguinrandomhouse.com<\/a>\u00a0con el asunto \u00abCookies\u00bb. Del mismo modo, esta pol\u00edtica estar\u00e1 a tu disposici\u00f3n en todo momento en la parte inferior de nuestra p\u00e1gina web en el enlace \u00ab<a href=\"https:\/\/penguinaula.com\/es\/politica-de-cookies\/\"><u>Pol\u00edtica de cookies<\/u><\/a><u>\u00a0<\/u>\u00ab.<\/p>\n<p><strong>\u00bfQu\u00e9 son las cookies?<\/strong><\/p>\n<p>Las cookies son peque\u00f1os archivos de texto que un servidor web instala en su ordenador o en su m\u00f3vil a trav\u00e9s de su navegador (por ejemplo, Internet Explorer, Firefox, Chrome o Safari) o a trav\u00e9s de una aplicaci\u00f3n Flash. Las cookies facilitan el uso y la navegaci\u00f3n por una p\u00e1gina web y son esenciales para el funcionamiento de internet, aportando innumerables ventajas en la prestaci\u00f3n de servicios interactivos.<\/p>\n<p>Cada cookie es \u00fanica y s\u00f3lo el servidor que la ha instalado puede leer su contenido. El contenido de una cookie es an\u00f3nimo (por ejemplo, un identificador \u00fanico, el nombre de la web y algunos d\u00edgitos). Las cookies permiten que las webs te recuerden, ya sea durante la duraci\u00f3n de una visita (mediante las llamadas \u00abcookies de sesi\u00f3n\u00bb) o durante varias visitas (mediante las llamadas \u00abcookies persistentes\u00bb) y almacenen informaci\u00f3n sobre tus preferencias para ofrecerte una experiencia personalizada, m\u00e1s f\u00e1cil y r\u00e1pida. Algunas webs tambi\u00e9n utilizan cookies para mostrarte anuncios en funci\u00f3n, por ejemplo, de tu localizaci\u00f3n o de tus h\u00e1bitos de navegaci\u00f3n.<\/p>\n<p>Por \u00faltimo, las cookies las puede instalar el propio editor de la web o dominio que est\u00e1s visitando (son las llamadas \u00abcookies de primera parte\u00bb) o las puede instalar un equipo o dominio que no es gestionado por PRHGE pero que cuyo contenido se ejecuta en la web que est\u00e1s visitando (son las llamadas \u00abcookies de tercera parte\u00bb).<\/p>\n<p><strong>Tipos de cookies<\/strong><\/p>\n<p>Las cookies se clasifican en funci\u00f3n de las siguientes categor\u00edas:<\/p>\n<p>Seg\u00fan la entidad que gestione el equipo o dominio desde el que se env\u00edan las cookies, distinguimos entre:<\/p>\n<p><strong>COOKIES DE PRIMERA PARTE<\/strong><\/p>\n<p>Son las que se instalan en tu ordenador desde la p\u00e1gina web que est\u00e1 visitando y que est\u00e1 gestionada por Penguin Random House Grupo Editorial; s\u00f3lo esa p\u00e1gina web podr\u00e1 leer tu contenido.<\/p>\n<p><strong>COOKIES DE TERCERA PARTE<\/strong><\/p>\n<p>Son las que instala una organizaci\u00f3n distinta a la del propietario de la p\u00e1gina web que est\u00e1s visitando. Un ejemplo son los servicios como Google Analytics, que instalan su propia cookie para poder recoger datos y elaborar estad\u00edsticas sobre el rendimiento y el uso de la web; otras organizaciones que pueden estar instalando su propia cookie en la web que est\u00e1s visitando son Facebook, Twitter, YouTube y, en general, cualquiera que est\u00e9 permitiendo a la p\u00e1gina web que visitas insertar sus contenidos. Las cookies de tercera parte tambi\u00e9n las puede instalar un servicio de publicidad para mostrar anuncios en funci\u00f3n de datos como tu localizaci\u00f3n o tus preferencias de navegaci\u00f3n. Estas cookies tambi\u00e9n pueden servir para hacer un seguimiento de tu navegaci\u00f3n por diversas webs.<\/p>\n<p>En funci\u00f3n de su duraci\u00f3n, distinguimos entre:<\/p>\n<p><strong>COOKIES DE SESI\u00d3N<\/strong><\/p>\n<p>Las cookies de sesi\u00f3n se almacenan de forma estrictamente temporal durante el plazo de una sesi\u00f3n de navegaci\u00f3n, y se borran de tu ordenador o de tu m\u00f3vil cuando cierras el navegador.<\/p>\n<p><strong>COOKIES PERSISTENTES<\/strong><\/p>\n<p>Se instalan por un per\u00edodo fijo (generalmente un a\u00f1o o m\u00e1s) y no se borran al cerrar el navegador. Se utilizan para recabar informaci\u00f3n que se aplique de una sesi\u00f3n a otra, como, por ejemplo, para recordar tus preferencias de navegaci\u00f3n la pr\u00f3xima vez que accedas a la p\u00e1gina web.<\/p>\n<p>Seg\u00fan su finalidad, distinguimos entre:<\/p>\n<p><strong>COOKIES T\u00c9CNICAS<\/strong><\/p>\n<p>Son aquellas que te permiten navegar a trav\u00e9s de la p\u00e1gina web y utilizar las diferentes opciones o servicios que en esta existan, incluyendo aquellas que PRHGE utiliza para permitir la gesti\u00f3n y operativa de la p\u00e1gina web y habilitar sus funciones y servicios como, por ejemplo, controlar el tr\u00e1fico y la comunicaci\u00f3n de los datos, identificar la sesi\u00f3n o acceder a partes de acceso restringido, entre otras.<\/p>\n<p>&nbsp;<\/p>\n<p>Las cookies t\u00e9cnicas estar\u00e1n exceptuadas del cumplimiento de las obligaciones establecidas en el art\u00edculo 22.2 de la LSSI cuando permitan prestar el servicio solicitado por el usuario. Sin embargo, si estas cookies se utilizan tambi\u00e9n para finalidades no exentas (por ejemplo, para fines publicitarios comportamentales), quedar\u00e1n sujetas a dichas obligaciones.<\/p>\n<p>Te informamos de que si bloqueas el uso de este tipo de cookies a trav\u00e9s de la configuraci\u00f3n de tu navegador (ver apartado \u201cC\u00f3mo configurar las cookies\u201d m\u00e1s adelante) puede que la p\u00e1gina web no funcione correctamente o que alguna de las funcionalidades se vean afectadas.<\/p>\n<p>Las cookies t\u00e9cnicas que utilizamos son las siguientes:<\/p>\n<table>\n<tbody>\n<tr>\n<td width=\"98\"><strong>NOMBRE<\/strong><\/td>\n<td width=\"117\"><strong>PROVEEDOR<\/strong><\/td>\n<td width=\"95\"><strong>TITULARIDAD<\/strong><\/td>\n<td width=\"177\"><strong>DESCRIPCI\u00d3N<\/strong><\/td>\n<td width=\"79\"><strong>DURACI\u00d3N<\/strong><\/td>\n<\/tr>\n<tr>\n<td width=\"98\">incap_ses_#<\/td>\n<td width=\"117\">penguinaula.com<\/td>\n<td width=\"95\">Cookie Propia<\/td>\n<td width=\"177\">Preservar el estado de los usuarios a trav\u00e9s de las solicitudes de p\u00e1ginas.<\/td>\n<td width=\"79\">Sesi\u00f3n<\/td>\n<\/tr>\n<tr>\n<td width=\"98\">nlbi_#<\/td>\n<td width=\"117\">penguinaula.com<\/td>\n<td width=\"95\">Cookie Propia<\/td>\n<td width=\"177\">Se utiliza para garantizar la seguridad del sitio web y la detecci\u00f3n de fraudes.<\/td>\n<td width=\"79\">Sesi\u00f3n<\/td>\n<\/tr>\n<tr>\n<td width=\"98\">visid_incap_#<\/td>\n<td width=\"117\">penguinaula.com<\/td>\n<td width=\"95\">Cookie Propia<\/td>\n<td width=\"177\">Preservar el estado de los usuarios a trav\u00e9s de las solicitudes de p\u00e1ginas.<\/td>\n<td width=\"79\">1 a\u00f1o<\/td>\n<\/tr>\n<\/tbody>\n<\/table>\n<p><strong>COOKIES DE ANAL\u00cdTICA WEB<\/strong><\/p>\n<p>Las cookies anal\u00edticas son aquellas que permiten al responsable de \u00e9stas el seguimiento y an\u00e1lisis del comportamiento de los usuarios de las p\u00e1ginas web a las que est\u00e9n vinculadas, incluido el n\u00famero de p\u00e1ginas visitadas, el idioma utilizado, la frecuencia y reincidencia de las visitas, el tiempo de las visitas y permanencia en cada apartado de nuestra Web, la cuantificaci\u00f3n de los impactos de los anuncios o el navegador utilizado, entre otras.<\/p>\n<p>La informaci\u00f3n recogida mediante este tipo de cookies ya sea por nosotros o por terceros, permitir\u00eda cuantificar el n\u00famero de usuarios y as\u00ed realizar la medici\u00f3n y an\u00e1lisis estad\u00edstico de la utilizaci\u00f3n que hacen los usuarios de nuestra Web. Para ello se analiza su navegaci\u00f3n a trav\u00e9s de nuestra Web con el fin de mejorar la oferta de los productos o servicios que ofrecemos. Entre otros, analizamos el origen de las visitas, los apartados y contenidos visualizados y el tiempo de navegaci\u00f3n general y de cada apartado visitado.<\/p>\n<p>No utilizamos cookies anal\u00edticas. No obstante, si has activado la funcionalidad de Google Signals debes saber que Google Analytics estar\u00e1 recabando informaci\u00f3n tuya agregada.<\/p>\n<p>Google Signals es una herramienta de Google Analytics que le permite rastrear y recabar informaci\u00f3n agregada de m\u00faltiples sesiones y dispositivos en los que est\u00e9 logueado el usuario.<\/p>\n<p>Para m\u00e1s informaci\u00f3n sobre c\u00f3mo configurar la funcionalidad de Google Signals, dir\u00edgete a <a href=\"https:\/\/support.google.com\/analytics\/answer\/7532985?hl=es&amp;ref_topic=7668613#zippy=%2Cin-this-article%2Csecciones-de-este-art%C3%ADculo\">https:\/\/support.google.com\/analytics\/answer\/7532985?hl=es&amp;ref_topic=7668613#zippy=%2Cin-this-article%2Csecciones-de-este-art%C3%ADculo<\/a><br \/>\n<!--EndFragment --><\/p>\n<p><strong>COOKIES PUBLICITARIAS<\/strong><\/p>\n<p>Son cookies que almacenan informaci\u00f3n del comportamiento de los usuarios, obtenida a trav\u00e9s de la observaci\u00f3n continuada de sus h\u00e1bitos de navegaci\u00f3n, lo que permite desarrollar un perfil espec\u00edfico para mostrar publicidad en funci\u00f3n del mismo.<\/p>\n<p>Normalmente son administradas por terceros que gestionan los espacios publicitarios que los usuarios visualizan al acceder a nuestra p\u00e1gina web, o a nuestra publicidad en p\u00e1ginas web de terceros. Estas cookies permiten, entre otros, medir la efectividad de nuestras campa\u00f1as online, proporcionar al usuario informaci\u00f3n de su inter\u00e9s y ofrecerle contenidos publicitarios de su inter\u00e9s relacionados con su perfil de navegaci\u00f3n, as\u00ed como limitar la cantidad de impactos publicitarios que realicemos a cada usuario.<\/p>\n<p>De conformidad con sus propias pol\u00edticas, algunos gestores de publicidad pueden utilizar las cookies an\u00f3nimas para mostrar anuncios de su inter\u00e9s cuando visite otras p\u00e1ginas web, cruzando la informaci\u00f3n del usuario que hayan podido recabar de su navegaci\u00f3n en nuestra p\u00e1gina web u otras gestionadas por terceros.<\/p>\n<p>Las cookies publicitarias que utilizamos son las siguientes:<\/p>\n<table>\n<tbody>\n<tr>\n<td width=\"76\"><strong>NOMBRE<\/strong><\/td>\n<td width=\"108\"><strong>PROVEEDOR<\/strong><\/td>\n<td width=\"100\"><strong>TITULARIDAD<\/strong><\/td>\n<td width=\"203\"><strong>DESCRIPCI\u00d3N<\/strong><\/td>\n<td width=\"79\"><strong>DURACI\u00d3N<\/strong><\/td>\n<\/tr>\n<tr>\n<td width=\"76\">___utmvc<\/td>\n<td width=\"108\">penguinaula.com<\/td>\n<td width=\"100\">Cookie Propia<\/td>\n<td width=\"203\">Recoge informaci\u00f3n sobre el comportamiento de los usuarios en m\u00faltiples sitios web.<\/p>\n<p>Esta informaci\u00f3n se utiliza para optimizar la relevancia de la publicidad en el sitio web.<\/td>\n<td width=\"79\">1 d\u00eda<\/td>\n<\/tr>\n<\/tbody>\n<\/table>\n<p><strong>COOKIES DE PREFERENCIAS O DE PERSONALIZACI\u00d3N<\/strong><\/p>\n<p>Son aquellas que permiten recordar informaci\u00f3n para que el usuario acceda al servicio con determinadas caracter\u00edsticas que pueden diferenciar su experiencia de la de otros usuarios como, por ejemplo, el idioma, el n\u00famero de resultados a mostrar cuando el usuario realiza una b\u00fasqueda, el aspecto o contenido del servicio en funci\u00f3n del tipo de navegador a trav\u00e9s del que acceda al servicio o la regi\u00f3n desde la que acceda al servicio.<\/p>\n<p>&nbsp;<\/p>\n<p>Por norma general, estas cookies se instalan cuando el usuario realiza determinadas acciones en la p\u00e1gina web (como, por ejemplo, seleccionar un idioma) y quedar\u00e1n exceptuadas del consentimiento exigido por la LSSI al considerarse un servicio expresamente solicitado por el usuario (y siempre que no se traten para otra finalidad).<\/p>\n<p>No utilizamos cookies de preferencias.<\/p>\n<p><strong>C\u00f3mo configurar las cookies<\/strong><\/p>\n<p>Al visitar por primera vez nuestra p\u00e1gina web, te ofrecemos la posibilidad de configurar las cookies que desees instalar o rechazar. Al pulsar el bot\u00f3n \u201cAceptar\u201d que aparecer\u00e1 en el aviso de cookies, estar\u00e1s aceptando todas las cookies. Pulsando el bot\u00f3n \u201cVer preferencias\u201d del aviso podr\u00e1s seleccionar aquellas que desees instalar, excepto en su caso las cookies t\u00e9cnicas, que son necesarias para el correcto funcionamiento de la p\u00e1gina web.<\/p>\n<p>Si deseas modificar tu selecci\u00f3n inicial de cookies, tienes en cualquier momento la posibilidad de aceptar o rechazar la instalaci\u00f3n de cookies o bien rechazar la instalaci\u00f3n de un tipo de cookie, modificando las preferencias de tu navegador web de la siguiente forma:<\/p>\n<ul>\n<li>activando la navegaci\u00f3n privada, mediante la que tu navegador deja de guardar el historial de navegaci\u00f3n, contrase\u00f1as de sitios web, cookies y otra informaci\u00f3n de las p\u00e1ginas que visites; o<\/li>\n<\/ul>\n<p>&nbsp;<\/p>\n<ul>\n<li>activando la funci\u00f3n de no rastrear, por la que el navegador pide a las p\u00e1ginas web que visites que no rastreen tus h\u00e1bitos de navegaci\u00f3n para, por ejemplo, servirte publicidad de tu inter\u00e9s en los sitios que visites<\/li>\n<\/ul>\n<p>&nbsp;<\/p>\n<p>Ten en cuenta que el bloqueo de cookies puede afectar a todas o a algunas de las funcionalidades de nuestra p\u00e1gina web. Para tu comodidad, a continuaci\u00f3n, te proporcionamos los links de ayuda para la configuraci\u00f3n de cookies de los principales navegadores:<\/p>\n<p>&nbsp;<\/p>\n<table width=\"558\">\n<tbody>\n<tr>\n<td width=\"170\">Microsoft Internet Explorer<\/td>\n<td width=\"388\">&nbsp;<\/p>\n<p><a href=\"https:\/\/support.microsoft.com\/es-es\/topic\/eliminar-y-administrar-cookies-168dab11-0753-043d-7c16-ede5947fc64d\">https:\/\/support.microsoft.com\/es-es\/topic\/eliminar-y-administrar-cookies-168dab11-0753-043d-7c16-ede5947fc64d<\/a><\/p>\n<p>&nbsp;<\/td>\n<\/tr>\n<tr>\n<td width=\"170\">Apple Safari<\/td>\n<td width=\"388\">&nbsp;<\/p>\n<p><a href=\"https:\/\/support.apple.com\/es-es\/guide\/safari\/sfri11471\/mac\">https:\/\/support.apple.com\/es-es\/guide\/safari\/sfri11471\/mac<\/a><\/p>\n<p>&nbsp;<\/td>\n<\/tr>\n<tr>\n<td width=\"170\">Google Chrome<\/td>\n<td width=\"388\">&nbsp;<\/p>\n<p><a href=\"https:\/\/support.google.com\/chrome\/answer\/95647?hl=es\">https:\/\/support.google.com\/chrome\/answer\/95647?hl=es<\/a><\/p>\n<p>&nbsp;<\/td>\n<\/tr>\n<tr>\n<td width=\"170\">Mozilla Firefox<\/td>\n<td width=\"388\">&nbsp;<\/p>\n<p><a href=\"https:\/\/support.mozilla.org\/es\/kb\/habilitar-y-deshabilitar-cookies-sitios-web-rastrear-preferencias?redirectlocale=es&amp;redirectslug=habilitar-y-deshabilitar-cookies-que-los-sitios-we\">https:\/\/support.mozilla.org\/es\/kb\/habilitar-y-deshabilitar-cookies-sitios-web-rastrear-preferencias?redirectlocale=es&amp;redirectslug=habilitar-y-deshabilitar-cookies-que-los-sitios-we<\/a><\/p>\n<p>&nbsp;<\/td>\n<\/tr>\n<\/tbody>\n<\/table>\n<p>&nbsp;<\/p>\n<p>&nbsp;<\/p>\n<p>Adicionalmente, te informamos de que si deseas tener un mayor control sobre la instalaci\u00f3n de las cookies, puedes instalar programas o complementos a tu navegador, conocidos como herramientas de \u201cDo Not Track\u201d o \u201cDNT\u201d, que te permitir\u00e1n escoger aquellas cookies que desees habilitar.<\/p>\n<p>Para optar por no ser rastreado por Google Analytics a trav\u00e9s de todos los sitios web visite\u00a0<a href=\"http:\/\/tools.google.com\/dlpage\/gaoptout\">http:\/\/tools.google.com\/dlpage\/gaoptout<\/a>.<\/p>\n<p>Los links anteriores pueden actualizarse por parte de las empresas desarrolladoras de dichos navegadores. PRHGE pondr\u00e1 todos los esfuerzos razonables en mantener el listado anterior debidamente actualizado. Sin embargo, si alg\u00fan link no funcionara debidamente o no estuviera actualizado, debe saber que siempre podr\u00e1 dirigirse al men\u00fa \u201cAyuda\u201d de su navegador para obtener dicha informaci\u00f3n.<\/p>\n<p><strong>D\u00f3nde se trata su informaci\u00f3n<\/strong><\/p>\n<p>Al utilizar cookies de terceros, es posible que sus datos puedan ser transferidos fuera del Espacio Econ\u00f3mico Europeo o a pa\u00edses con un nivel de protecci\u00f3n adecuado seg\u00fan la normativa aplicable.<\/p>\n<p>Seg\u00fan el pa\u00eds de destino, esta transferencia puede suponer una transferencia internacional de datos a pa\u00edses que no ofrecen las garant\u00edas adecuadas.<\/p>\n<p><strong>Plazo de conservaci\u00f3n de la informaci\u00f3n<\/strong><\/p>\n<p>Puede consultar los plazos de conservaci\u00f3n de la informaci\u00f3n que se recaba a trav\u00e9s de cada cookie en la secci\u00f3n \u201cTipos de cookies\u201d de esta pol\u00edtica.<\/p>\n<p><strong>Informaci\u00f3n adicional<\/strong><\/p>\n<p>Para obtener m\u00e1s informaci\u00f3n acerca de las cookies, incluyendo sobre c\u00f3mo funcionan las cookies y c\u00f3mo gestionarlas y borrarlas, dir\u00edgete a\u00a0<a href=\"http:\/\/www.aboutcookies.org\/\">www.aboutcookies.org<\/a>.<\/p>\n<p>Asimismo, para m\u00e1s informaci\u00f3n acerca de la forma en la que puedes ejercer tus derechos de acceso, rectificaci\u00f3n, supresi\u00f3n, limitaci\u00f3n del tratamiento y portabilidad o cualquier otra cuesti\u00f3n relativa al tratamiento de datos que realizamos mediante el uso de las cookies, puedes consultar la <a href=\"https:\/\/penguinaula.com\/es\/politica-de-privacidad\/\"><strong><u>Pol\u00edtica de Privacidad<\/u><\/strong><\/a> \u00a0de nuestra p\u00e1gina web.<\/p>\n<p>Para consultas sobre el uso de las cookies en las webs de Penguin Random House Grupo Editorial, S.A.U., puedes ponerte en contacto con nosotros escribiendo a\u00a0<a href=\"mailto:lopd@penguinrandomhouse.com\">lopd@penguinrandomhouse.com<\/a>\u00a0y especificando \u00abCookies\u00bb en la l\u00ednea de asunto de tu e-mail.<\/p>\n<p><strong>Actualizaci\u00f3n pol\u00edtica de cookies<\/strong><\/p>\n<p>Esta Pol\u00edtica de Cookies podr\u00e1 ser modificada o actualizada en cualquier momento. Por ello, recomendamos que la revises cada vez que accedas a esta p\u00e1gina web.<\/p>\n<p>Actualizada por \u00faltima vez: 26 de abril de 2023<\/p>\n","protected":false},"excerpt":{"rendered":"<p>Pol\u00edtica de Cookies Esta p\u00e1gina web, como muchas otras, utiliza peque\u00f1os archivos inform\u00e1ticos llamados \u00abcookies\u00bb (galletitas) que te permiten mejorar tu experiencia como usuario. A continuaci\u00f3n, tal y como exige el art\u00edculo 22.1 de la Ley 34\/2002, de 11 de julio de Servicios de la Sociedad de Informaci\u00f3n y Comercio Electr\u00f3nico (\u201cLSSI\u201d) te informamos sobre [&hellip;]<\/p>\n","protected":false},"author":2,"featured_media":0,"parent":0,"menu_order":0,"comment_status":"closed","ping_status":"closed","template":"","meta":{"_acf_changed":false,"inline_featured_image":false,"footnotes":""},"class_list":["post-29306","page","type-page","status-publish","hentry"],"acf":[],"yoast_head":"<!-- This site is optimized with the Yoast SEO plugin v27.3 - https:\/\/yoast.com\/product\/yoast-seo-wordpress\/ -->\n<title>Pol\u00edtica de Cookies - Penguin Aula<\/title>\n<meta name=\"robots\" content=\"noindex, nofollow\" \/>\n<meta property=\"og:locale\" content=\"es_ES\" \/>\n<meta property=\"og:type\" content=\"article\" \/>\n<meta property=\"og:title\" content=\"Pol\u00edtica de Cookies - Penguin Aula\" \/>\n<meta property=\"og:description\" content=\"Pol\u00edtica de Cookies Esta p\u00e1gina web, como muchas otras, utiliza peque\u00f1os archivos inform\u00e1ticos llamados \u00abcookies\u00bb (galletitas) que te permiten mejorar tu experiencia como usuario. A continuaci\u00f3n, tal y como exige el art\u00edculo 22.1 de la Ley 34\/2002, de 11 de julio de Servicios de la Sociedad de Informaci\u00f3n y Comercio Electr\u00f3nico (\u201cLSSI\u201d) te informamos sobre [&hellip;]\" \/>\n<meta property=\"og:url\" content=\"https:\/\/penguinaula.com\/es\/politica-de-cookies\/\" \/>\n<meta property=\"og:site_name\" content=\"Penguin Aula\" \/>\n<meta property=\"article:modified_time\" content=\"2024-02-26T11:13:12+00:00\" \/>\n<meta name=\"twitter:card\" content=\"summary_large_image\" \/>\n<meta name=\"twitter:label1\" content=\"Est. reading time\" \/>\n\t<meta name=\"twitter:data1\" content=\"10 minutos\" \/>\n<script type=\"application\/ld+json\" class=\"yoast-schema-graph\">{\"@context\":\"https:\\\/\\\/schema.org\",\"@graph\":[{\"@type\":\"WebPage\",\"@id\":\"https:\\\/\\\/penguinaula.com\\\/es\\\/politica-de-cookies\\\/\",\"url\":\"https:\\\/\\\/penguinaula.com\\\/es\\\/politica-de-cookies\\\/\",\"name\":\"Pol\u00edtica de Cookies - Penguin Aula\",\"isPartOf\":{\"@id\":\"https:\\\/\\\/penguinaula.com\\\/es\\\/#website\"},\"datePublished\":\"2021-03-20T08:35:07+00:00\",\"dateModified\":\"2024-02-26T11:13:12+00:00\",\"breadcrumb\":{\"@id\":\"https:\\\/\\\/penguinaula.com\\\/es\\\/politica-de-cookies\\\/#breadcrumb\"},\"inLanguage\":\"es-ES\",\"potentialAction\":[{\"@type\":\"ReadAction\",\"target\":[\"https:\\\/\\\/penguinaula.com\\\/es\\\/politica-de-cookies\\\/\"]}]},{\"@type\":\"BreadcrumbList\",\"@id\":\"https:\\\/\\\/penguinaula.com\\\/es\\\/politica-de-cookies\\\/#breadcrumb\",\"itemListElement\":[{\"@type\":\"ListItem\",\"position\":1,\"name\":\"Home\",\"item\":\"https:\\\/\\\/penguinaula.com\\\/es\\\/\"},{\"@type\":\"ListItem\",\"position\":2,\"name\":\"Pol\u00edtica de Cookies\"}]},{\"@type\":\"WebSite\",\"@id\":\"https:\\\/\\\/penguinaula.com\\\/es\\\/#website\",\"url\":\"https:\\\/\\\/penguinaula.com\\\/es\\\/\",\"name\":\"Penguin Aula\",\"description\":\"Los mejores libros para tus alumnos y para ti\",\"potentialAction\":[{\"@type\":\"SearchAction\",\"target\":{\"@type\":\"EntryPoint\",\"urlTemplate\":\"https:\\\/\\\/penguinaula.com\\\/es\\\/?s={search_term_string}\"},\"query-input\":{\"@type\":\"PropertyValueSpecification\",\"valueRequired\":true,\"valueName\":\"search_term_string\"}}],\"inLanguage\":\"es-ES\"}]}<\/script>\n<!-- \/ Yoast SEO plugin. -->","yoast_head_json":{"title":"Pol\u00edtica de Cookies - Penguin Aula","robots":{"index":"noindex","follow":"nofollow"},"og_locale":"es_ES","og_type":"article","og_title":"Pol\u00edtica de Cookies - Penguin Aula","og_description":"Pol\u00edtica de Cookies Esta p\u00e1gina web, como muchas otras, utiliza peque\u00f1os archivos inform\u00e1ticos llamados \u00abcookies\u00bb (galletitas) que te permiten mejorar tu experiencia como usuario. A continuaci\u00f3n, tal y como exige el art\u00edculo 22.1 de la Ley 34\/2002, de 11 de julio de Servicios de la Sociedad de Informaci\u00f3n y Comercio Electr\u00f3nico (\u201cLSSI\u201d) te informamos sobre [&hellip;]","og_url":"https:\/\/penguinaula.com\/es\/politica-de-cookies\/","og_site_name":"Penguin Aula","article_modified_time":"2024-02-26T11:13:12+00:00","twitter_card":"summary_large_image","twitter_misc":{"Est. reading time":"10 minutos"},"schema":{"@context":"https:\/\/schema.org","@graph":[{"@type":"WebPage","@id":"https:\/\/penguinaula.com\/es\/politica-de-cookies\/","url":"https:\/\/penguinaula.com\/es\/politica-de-cookies\/","name":"Pol\u00edtica de Cookies - Penguin Aula","isPartOf":{"@id":"https:\/\/penguinaula.com\/es\/#website"},"datePublished":"2021-03-20T08:35:07+00:00","dateModified":"2024-02-26T11:13:12+00:00","breadcrumb":{"@id":"https:\/\/penguinaula.com\/es\/politica-de-cookies\/#breadcrumb"},"inLanguage":"es-ES","potentialAction":[{"@type":"ReadAction","target":["https:\/\/penguinaula.com\/es\/politica-de-cookies\/"]}]},{"@type":"BreadcrumbList","@id":"https:\/\/penguinaula.com\/es\/politica-de-cookies\/#breadcrumb","itemListElement":[{"@type":"ListItem","position":1,"name":"Home","item":"https:\/\/penguinaula.com\/es\/"},{"@type":"ListItem","position":2,"name":"Pol\u00edtica de Cookies"}]},{"@type":"WebSite","@id":"https:\/\/penguinaula.com\/es\/#website","url":"https:\/\/penguinaula.com\/es\/","name":"Penguin Aula","description":"Los mejores libros para tus alumnos y para ti","potentialAction":[{"@type":"SearchAction","target":{"@type":"EntryPoint","urlTemplate":"https:\/\/penguinaula.com\/es\/?s={search_term_string}"},"query-input":{"@type":"PropertyValueSpecification","valueRequired":true,"valueName":"search_term_string"}}],"inLanguage":"es-ES"}]}},"_links":{"self":[{"href":"https:\/\/penguinaula.com\/es\/wp-json\/wp\/v2\/pages\/29306","targetHints":{"allow":["GET"]}}],"collection":[{"href":"https:\/\/penguinaula.com\/es\/wp-json\/wp\/v2\/pages"}],"about":[{"href":"https:\/\/penguinaula.com\/es\/wp-json\/wp\/v2\/types\/page"}],"author":[{"embeddable":true,"href":"https:\/\/penguinaula.com\/es\/wp-json\/wp\/v2\/users\/2"}],"replies":[{"embeddable":true,"href":"https:\/\/penguinaula.com\/es\/wp-json\/wp\/v2\/comments?post=29306"}],"version-history":[{"count":5,"href":"https:\/\/penguinaula.com\/es\/wp-json\/wp\/v2\/pages\/29306\/revisions"}],"predecessor-version":[{"id":578968,"href":"https:\/\/penguinaula.com\/es\/wp-json\/wp\/v2\/pages\/29306\/revisions\/578968"}],"wp:attachment":[{"href":"https:\/\/penguinaula.com\/es\/wp-json\/wp\/v2\/media?parent=29306"}],"curies":[{"name":"wp","href":"https:\/\/api.w.org\/{rel}","templated":true}]}}