{"id":664524,"date":"2024-10-23T18:14:58","date_gmt":"2024-10-23T16:14:58","guid":{"rendered":"https:\/\/penguinaula.com\/es\/?page_id=664524"},"modified":"2026-02-18T14:03:59","modified_gmt":"2026-02-18T12:03:59","slug":"catalogos-de-libros","status":"publish","type":"page","link":"https:\/\/penguinaula.com\/es\/catalogos-de-libros\/","title":{"rendered":"Descarga de cat\u00e1logos"},"content":{"rendered":"<p>Desc\u00e1rgate nuestros cat\u00e1logos por etapa educativa, con propuestas para Plan lector y actividades did\u00e1cticas relacionadas.<\/p>\n","protected":false},"excerpt":{"rendered":"<p>Desc\u00e1rgate nuestros cat\u00e1logos por etapa educativa, con propuestas para Plan lector y actividades did\u00e1cticas relacionadas.<\/p>\n","protected":false},"author":1,"featured_media":0,"parent":0,"menu_order":0,"comment_status":"closed","ping_status":"closed","template":"pages\/page-descarga-catalogos.php","meta":{"_acf_changed":false,"inline_featured_image":false,"footnotes":""},"class_list":["post-664524","page","type-page","status-publish","hentry"],"acf":[],"yoast_head":"<!-- This site is optimized with the Yoast SEO plugin v27.3 - https:\/\/yoast.com\/product\/yoast-seo-wordpress\/ -->\n<title>Descarga de cat\u00e1logos - Penguin Aula<\/title>\n<meta name=\"description\" content=\"Desc\u00e1rgate nuestros cat\u00e1logos por etapa educativa, con propuestas para plan lector y actividades did\u00e1cticas relacionadas.\" \/>\n<meta name=\"robots\" content=\"index, follow, max-snippet:-1, max-image-preview:large, max-video-preview:-1\" \/>\n<link rel=\"canonical\" href=\"https:\/\/penguinaula.com\/es\/catalogos-de-libros\/\" \/>\n<meta property=\"og:locale\" content=\"es_ES\" \/>\n<meta property=\"og:type\" content=\"article\" \/>\n<meta property=\"og:title\" content=\"Descarga de cat\u00e1logos - Penguin Aula\" \/>\n<meta property=\"og:description\" content=\"Desc\u00e1rgate nuestros cat\u00e1logos por etapa educativa, con propuestas para plan lector y actividades did\u00e1cticas relacionadas.\" \/>\n<meta property=\"og:url\" content=\"https:\/\/penguinaula.com\/es\/catalogos-de-libros\/\" \/>\n<meta property=\"og:site_name\" content=\"Penguin Aula\" \/>\n<meta property=\"article:modified_time\" content=\"2026-02-18T12:03:59+00:00\" \/>\n<meta name=\"twitter:card\" content=\"summary_large_image\" \/>\n<meta name=\"twitter:label1\" content=\"Est. reading time\" \/>\n\t<meta name=\"twitter:data1\" content=\"1 minuto\" \/>\n<script type=\"application\/ld+json\" class=\"yoast-schema-graph\">{\"@context\":\"https:\\\/\\\/schema.org\",\"@graph\":[{\"@type\":\"WebPage\",\"@id\":\"https:\\\/\\\/penguinaula.com\\\/es\\\/catalogos-de-libros\\\/\",\"url\":\"https:\\\/\\\/penguinaula.com\\\/es\\\/catalogos-de-libros\\\/\",\"name\":\"Descarga de cat\u00e1logos - Penguin Aula\",\"isPartOf\":{\"@id\":\"https:\\\/\\\/penguinaula.com\\\/es\\\/#website\"},\"datePublished\":\"2024-10-23T16:14:58+00:00\",\"dateModified\":\"2026-02-18T12:03:59+00:00\",\"description\":\"Desc\u00e1rgate nuestros cat\u00e1logos por etapa educativa, con propuestas para plan lector y actividades did\u00e1cticas relacionadas.\",\"breadcrumb\":{\"@id\":\"https:\\\/\\\/penguinaula.com\\\/es\\\/catalogos-de-libros\\\/#breadcrumb\"},\"inLanguage\":\"es-ES\",\"potentialAction\":[{\"@type\":\"ReadAction\",\"target\":[\"https:\\\/\\\/penguinaula.com\\\/es\\\/catalogos-de-libros\\\/\"]}]},{\"@type\":\"BreadcrumbList\",\"@id\":\"https:\\\/\\\/penguinaula.com\\\/es\\\/catalogos-de-libros\\\/#breadcrumb\",\"itemListElement\":[{\"@type\":\"ListItem\",\"position\":1,\"name\":\"Home\",\"item\":\"https:\\\/\\\/penguinaula.com\\\/es\\\/\"},{\"@type\":\"ListItem\",\"position\":2,\"name\":\"Descarga de cat\u00e1logos\"}]},{\"@type\":\"WebSite\",\"@id\":\"https:\\\/\\\/penguinaula.com\\\/es\\\/#website\",\"url\":\"https:\\\/\\\/penguinaula.com\\\/es\\\/\",\"name\":\"Penguin Aula\",\"description\":\"Los mejores libros para tus alumnos y para ti\",\"potentialAction\":[{\"@type\":\"SearchAction\",\"target\":{\"@type\":\"EntryPoint\",\"urlTemplate\":\"https:\\\/\\\/penguinaula.com\\\/es\\\/?s={search_term_string}\"},\"query-input\":{\"@type\":\"PropertyValueSpecification\",\"valueRequired\":true,\"valueName\":\"search_term_string\"}}],\"inLanguage\":\"es-ES\"}]}<\/script>\n<!-- \/ Yoast SEO plugin. -->","yoast_head_json":{"title":"Descarga de cat\u00e1logos - Penguin Aula","description":"Desc\u00e1rgate nuestros cat\u00e1logos por etapa educativa, con propuestas para plan lector y actividades did\u00e1cticas relacionadas.","robots":{"index":"index","follow":"follow","max-snippet":"max-snippet:-1","max-image-preview":"max-image-preview:large","max-video-preview":"max-video-preview:-1"},"canonical":"https:\/\/penguinaula.com\/es\/catalogos-de-libros\/","og_locale":"es_ES","og_type":"article","og_title":"Descarga de cat\u00e1logos - Penguin Aula","og_description":"Desc\u00e1rgate nuestros cat\u00e1logos por etapa educativa, con propuestas para plan lector y actividades did\u00e1cticas relacionadas.","og_url":"https:\/\/penguinaula.com\/es\/catalogos-de-libros\/","og_site_name":"Penguin Aula","article_modified_time":"2026-02-18T12:03:59+00:00","twitter_card":"summary_large_image","twitter_misc":{"Est. reading time":"1 minuto"},"schema":{"@context":"https:\/\/schema.org","@graph":[{"@type":"WebPage","@id":"https:\/\/penguinaula.com\/es\/catalogos-de-libros\/","url":"https:\/\/penguinaula.com\/es\/catalogos-de-libros\/","name":"Descarga de cat\u00e1logos - Penguin Aula","isPartOf":{"@id":"https:\/\/penguinaula.com\/es\/#website"},"datePublished":"2024-10-23T16:14:58+00:00","dateModified":"2026-02-18T12:03:59+00:00","description":"Desc\u00e1rgate nuestros cat\u00e1logos por etapa educativa, con propuestas para plan lector y actividades did\u00e1cticas relacionadas.","breadcrumb":{"@id":"https:\/\/penguinaula.com\/es\/catalogos-de-libros\/#breadcrumb"},"inLanguage":"es-ES","potentialAction":[{"@type":"ReadAction","target":["https:\/\/penguinaula.com\/es\/catalogos-de-libros\/"]}]},{"@type":"BreadcrumbList","@id":"https:\/\/penguinaula.com\/es\/catalogos-de-libros\/#breadcrumb","itemListElement":[{"@type":"ListItem","position":1,"name":"Home","item":"https:\/\/penguinaula.com\/es\/"},{"@type":"ListItem","position":2,"name":"Descarga de cat\u00e1logos"}]},{"@type":"WebSite","@id":"https:\/\/penguinaula.com\/es\/#website","url":"https:\/\/penguinaula.com\/es\/","name":"Penguin Aula","description":"Los mejores libros para tus alumnos y para ti","potentialAction":[{"@type":"SearchAction","target":{"@type":"EntryPoint","urlTemplate":"https:\/\/penguinaula.com\/es\/?s={search_term_string}"},"query-input":{"@type":"PropertyValueSpecification","valueRequired":true,"valueName":"search_term_string"}}],"inLanguage":"es-ES"}]}},"_links":{"self":[{"href":"https:\/\/penguinaula.com\/es\/wp-json\/wp\/v2\/pages\/664524","targetHints":{"allow":["GET"]}}],"collection":[{"href":"https:\/\/penguinaula.com\/es\/wp-json\/wp\/v2\/pages"}],"about":[{"href":"https:\/\/penguinaula.com\/es\/wp-json\/wp\/v2\/types\/page"}],"author":[{"embeddable":true,"href":"https:\/\/penguinaula.com\/es\/wp-json\/wp\/v2\/users\/1"}],"replies":[{"embeddable":true,"href":"https:\/\/penguinaula.com\/es\/wp-json\/wp\/v2\/comments?post=664524"}],"version-history":[{"count":16,"href":"https:\/\/penguinaula.com\/es\/wp-json\/wp\/v2\/pages\/664524\/revisions"}],"predecessor-version":[{"id":806563,"href":"https:\/\/penguinaula.com\/es\/wp-json\/wp\/v2\/pages\/664524\/revisions\/806563"}],"wp:attachment":[{"href":"https:\/\/penguinaula.com\/es\/wp-json\/wp\/v2\/media?parent=664524"}],"curies":[{"name":"wp","href":"https:\/\/api.w.org\/{rel}","templated":true}]}}