{"id":805557,"date":"2025-11-23T20:14:54","date_gmt":"2025-11-23T18:14:54","guid":{"rendered":"https:\/\/penguin.trespuntos-dev.com\/es_old\/?page_id=805557"},"modified":"2025-11-25T16:51:45","modified_gmt":"2025-11-25T14:51:45","slug":"llibres-primer-cicle-primaria","status":"publish","type":"page","link":"https:\/\/penguinaula.com\/es\/ca\/llibres\/llibres-primer-cicle-primaria\/","title":{"rendered":"Llibres per a primer cicle d&#8217;Educaci\u00f3 Prim\u00e0ria"},"content":{"rendered":"<p>La selecci\u00f3 de t\u00edtols destacats per a\u00a0<strong>biblioteques escolars<\/strong>\u00a0i per al\u00a0<strong>pla lector<\/strong>\u00a0de\u00a0<strong>1r de Prim\u00e0ria i 2n de Prim\u00e0ria<\/strong>\u00a0representa una valuosa eina per a donar suport al desenvolupament de les habilitats lectores i el foment del\u00a0<strong>gust per la lectura<\/strong>\u00a0en els estudiants m\u00e9s joves. Aquests llibres han estat acuradament triats per a oferir hist\u00f2ries atractives i significatives que promoguin les primeres lectures en solitari, establint aix\u00ed les bases per a l\u2019aprenentatge de la lectoescriptura i fomentant l\u2019amor per la lectura en el<strong>\u00a0primer cicle de Prim\u00e0ria<\/strong>.<\/p>\n<p>La selecci\u00f3 de\u00a0<strong>llibres<\/strong>\u00a0inclou t\u00edtols dissenyats per a ser atractius i accessibles per als estudiants de la primera etapa de Prim\u00e0ria. Aquests llibres ofereixen hist\u00f2ries captivadores i motivadores que permeten als joves lectors explorar el m\u00f3n de la lectura de manera aut\u00f2noma, fomentant la seva confian\u00e7a i motivaci\u00f3 per a continuar desenvolupant les seves habilitats lectores. La introducci\u00f3 progressiva a la\u00a0<strong>lectura en solitari<\/strong>\u00a0\u00e9s un pas crucial en el proc\u00e9s d\u2019alfabetitzaci\u00f3 dels nens i nenes, i aquesta selecci\u00f3 de llibres ofereix una varietat de t\u00edtols adequats per a aquesta etapa, contribuint aix\u00ed al desenvolupament d\u2019una s\u00f2lida base d\u2019habilitats lectores en els estudiants m\u00e9s joves.<\/p>\n<p>A m\u00e9s, alguns dels t\u00edtols inclosos en aquesta selecci\u00f3 contemplen<strong>\u00a0activitats did\u00e0ctiques<\/strong>\u00a0per a refor\u00e7ar la comprensi\u00f3 lectora de l\u2019alumne i, sobretot, propiciar-li experi\u00e8ncies favorables entorn de la literatura. Aquestes activitats estan dissenyades per a complementar la lectura, promovent la reflexi\u00f3, l\u2019an\u00e0lisi i la interpretaci\u00f3 de les hist\u00f2ries, i oferint als estudiants l\u2019oportunitat de desenvolupar habilitats de\u00a0<strong>comprensi\u00f3 lectora<\/strong>\u00a0de manera activa i participativa. Aquestes activitats no sols enforteixen les habilitats lectores dels alumnes, sin\u00f3 que tamb\u00e9 fomenten la seva capacitat d\u2019expressi\u00f3, creativitat i pensament cr\u00edtic a trav\u00e9s de la literatura.<\/p>\n<p>En definitiva, cada t\u00edtol ha estat triat per la seva capacitat per a captivar l\u2019atenci\u00f3 dels joves lectors, oferir-los hist\u00f2ries significatives i estimulants, i donar suport al seu<strong>\u00a0desenvolupament emocional<\/strong>, personal i cognitiu a trav\u00e9s de la lectura.<\/p>\n","protected":false},"excerpt":{"rendered":"<p>La selecci\u00f3 de t\u00edtols destacats per a\u00a0biblioteques escolars\u00a0i per al\u00a0pla lector\u00a0de\u00a01r de Prim\u00e0ria i 2n de Prim\u00e0ria\u00a0representa una valuosa eina per a donar suport al desenvolupament de les habilitats lectores i el foment del\u00a0gust per la lectura\u00a0en els estudiants m\u00e9s joves. Aquests llibres han estat acuradament triats per a oferir hist\u00f2ries atractives i significatives que [&hellip;]<\/p>\n","protected":false},"author":2,"featured_media":0,"parent":805551,"menu_order":0,"comment_status":"closed","ping_status":"closed","template":"catalogo-tpl.php","meta":{"_acf_changed":false,"inline_featured_image":false,"footnotes":""},"class_list":["post-805557","page","type-page","status-publish","hentry"],"acf":[],"yoast_head":"<!-- This site is optimized with the Yoast SEO plugin v27.3 - https:\/\/yoast.com\/product\/yoast-seo-wordpress\/ -->\n<title>Llibres per a primer cicle de Prim\u00e0ria - Penguin Aula<\/title>\n<meta name=\"description\" content=\"Descobreix la nostra selecci\u00f3 de llibres per a estudiants de 6 anys que fomenten el gust per la lectura dels m\u00e9s joves.\" \/>\n<meta name=\"robots\" content=\"index, follow, max-snippet:-1, max-image-preview:large, max-video-preview:-1\" \/>\n<link rel=\"canonical\" href=\"https:\/\/penguinaula.com\/es\/ca\/llibres\/llibres-primer-cicle-primaria\/\" \/>\n<meta property=\"og:locale\" content=\"es_ES\" \/>\n<meta property=\"og:type\" content=\"article\" \/>\n<meta property=\"og:title\" content=\"Llibres per a primer cicle de Prim\u00e0ria - Penguin Aula\" \/>\n<meta property=\"og:description\" content=\"Descobreix la nostra selecci\u00f3 de llibres per a estudiants de 6 anys que fomenten el gust per la lectura dels m\u00e9s joves.\" \/>\n<meta property=\"og:url\" content=\"https:\/\/penguinaula.com\/es\/ca\/llibres\/llibres-primer-cicle-primaria\/\" \/>\n<meta property=\"og:site_name\" content=\"Penguin Aula\" \/>\n<meta property=\"article:modified_time\" content=\"2025-11-25T14:51:45+00:00\" \/>\n<meta name=\"twitter:card\" content=\"summary_large_image\" \/>\n<meta name=\"twitter:label1\" content=\"Est. reading time\" \/>\n\t<meta name=\"twitter:data1\" content=\"2 minutos\" \/>\n<script type=\"application\/ld+json\" class=\"yoast-schema-graph\">{\"@context\":\"https:\\\/\\\/schema.org\",\"@graph\":[{\"@type\":\"WebPage\",\"@id\":\"https:\\\/\\\/penguinaula.com\\\/es\\\/ca\\\/llibres\\\/llibres-primer-cicle-primaria\\\/\",\"url\":\"https:\\\/\\\/penguinaula.com\\\/es\\\/ca\\\/llibres\\\/llibres-primer-cicle-primaria\\\/\",\"name\":\"Llibres per a primer cicle de Prim\u00e0ria - Penguin Aula\",\"isPartOf\":{\"@id\":\"https:\\\/\\\/penguinaula.com\\\/es\\\/#website\"},\"datePublished\":\"2025-11-23T18:14:54+00:00\",\"dateModified\":\"2025-11-25T14:51:45+00:00\",\"description\":\"Descobreix la nostra selecci\u00f3 de llibres per a estudiants de 6 anys que fomenten el gust per la lectura dels m\u00e9s joves.\",\"breadcrumb\":{\"@id\":\"https:\\\/\\\/penguinaula.com\\\/es\\\/ca\\\/llibres\\\/llibres-primer-cicle-primaria\\\/#breadcrumb\"},\"inLanguage\":\"es-ES\",\"potentialAction\":[{\"@type\":\"ReadAction\",\"target\":[\"https:\\\/\\\/penguinaula.com\\\/es\\\/ca\\\/llibres\\\/llibres-primer-cicle-primaria\\\/\"]}]},{\"@type\":\"BreadcrumbList\",\"@id\":\"https:\\\/\\\/penguinaula.com\\\/es\\\/ca\\\/llibres\\\/llibres-primer-cicle-primaria\\\/#breadcrumb\",\"itemListElement\":[{\"@type\":\"ListItem\",\"position\":1,\"name\":\"Home\",\"item\":\"https:\\\/\\\/penguinaula.com\\\/es\\\/\"},{\"@type\":\"ListItem\",\"position\":2,\"name\":\"Llibres\",\"item\":\"https:\\\/\\\/penguinaula.com\\\/es\\\/ca\\\/llibres\\\/\"},{\"@type\":\"ListItem\",\"position\":3,\"name\":\"Llibres per a primer cicle d&#8217;Educaci\u00f3 Prim\u00e0ria\"}]},{\"@type\":\"WebSite\",\"@id\":\"https:\\\/\\\/penguinaula.com\\\/es\\\/#website\",\"url\":\"https:\\\/\\\/penguinaula.com\\\/es\\\/\",\"name\":\"Penguin Aula\",\"description\":\"Los mejores libros para tus alumnos y para ti\",\"potentialAction\":[{\"@type\":\"SearchAction\",\"target\":{\"@type\":\"EntryPoint\",\"urlTemplate\":\"https:\\\/\\\/penguinaula.com\\\/es\\\/?s={search_term_string}\"},\"query-input\":{\"@type\":\"PropertyValueSpecification\",\"valueRequired\":true,\"valueName\":\"search_term_string\"}}],\"inLanguage\":\"es-ES\"}]}<\/script>\n<!-- \/ Yoast SEO plugin. -->","yoast_head_json":{"title":"Llibres per a primer cicle de Prim\u00e0ria - Penguin Aula","description":"Descobreix la nostra selecci\u00f3 de llibres per a estudiants de 6 anys que fomenten el gust per la lectura dels m\u00e9s joves.","robots":{"index":"index","follow":"follow","max-snippet":"max-snippet:-1","max-image-preview":"max-image-preview:large","max-video-preview":"max-video-preview:-1"},"canonical":"https:\/\/penguinaula.com\/es\/ca\/llibres\/llibres-primer-cicle-primaria\/","og_locale":"es_ES","og_type":"article","og_title":"Llibres per a primer cicle de Prim\u00e0ria - Penguin Aula","og_description":"Descobreix la nostra selecci\u00f3 de llibres per a estudiants de 6 anys que fomenten el gust per la lectura dels m\u00e9s joves.","og_url":"https:\/\/penguinaula.com\/es\/ca\/llibres\/llibres-primer-cicle-primaria\/","og_site_name":"Penguin Aula","article_modified_time":"2025-11-25T14:51:45+00:00","twitter_card":"summary_large_image","twitter_misc":{"Est. reading time":"2 minutos"},"schema":{"@context":"https:\/\/schema.org","@graph":[{"@type":"WebPage","@id":"https:\/\/penguinaula.com\/es\/ca\/llibres\/llibres-primer-cicle-primaria\/","url":"https:\/\/penguinaula.com\/es\/ca\/llibres\/llibres-primer-cicle-primaria\/","name":"Llibres per a primer cicle de Prim\u00e0ria - Penguin Aula","isPartOf":{"@id":"https:\/\/penguinaula.com\/es\/#website"},"datePublished":"2025-11-23T18:14:54+00:00","dateModified":"2025-11-25T14:51:45+00:00","description":"Descobreix la nostra selecci\u00f3 de llibres per a estudiants de 6 anys que fomenten el gust per la lectura dels m\u00e9s joves.","breadcrumb":{"@id":"https:\/\/penguinaula.com\/es\/ca\/llibres\/llibres-primer-cicle-primaria\/#breadcrumb"},"inLanguage":"es-ES","potentialAction":[{"@type":"ReadAction","target":["https:\/\/penguinaula.com\/es\/ca\/llibres\/llibres-primer-cicle-primaria\/"]}]},{"@type":"BreadcrumbList","@id":"https:\/\/penguinaula.com\/es\/ca\/llibres\/llibres-primer-cicle-primaria\/#breadcrumb","itemListElement":[{"@type":"ListItem","position":1,"name":"Home","item":"https:\/\/penguinaula.com\/es\/"},{"@type":"ListItem","position":2,"name":"Llibres","item":"https:\/\/penguinaula.com\/es\/ca\/llibres\/"},{"@type":"ListItem","position":3,"name":"Llibres per a primer cicle d&#8217;Educaci\u00f3 Prim\u00e0ria"}]},{"@type":"WebSite","@id":"https:\/\/penguinaula.com\/es\/#website","url":"https:\/\/penguinaula.com\/es\/","name":"Penguin Aula","description":"Los mejores libros para tus alumnos y para ti","potentialAction":[{"@type":"SearchAction","target":{"@type":"EntryPoint","urlTemplate":"https:\/\/penguinaula.com\/es\/?s={search_term_string}"},"query-input":{"@type":"PropertyValueSpecification","valueRequired":true,"valueName":"search_term_string"}}],"inLanguage":"es-ES"}]}},"_links":{"self":[{"href":"https:\/\/penguinaula.com\/es\/wp-json\/wp\/v2\/pages\/805557","targetHints":{"allow":["GET"]}}],"collection":[{"href":"https:\/\/penguinaula.com\/es\/wp-json\/wp\/v2\/pages"}],"about":[{"href":"https:\/\/penguinaula.com\/es\/wp-json\/wp\/v2\/types\/page"}],"author":[{"embeddable":true,"href":"https:\/\/penguinaula.com\/es\/wp-json\/wp\/v2\/users\/2"}],"replies":[{"embeddable":true,"href":"https:\/\/penguinaula.com\/es\/wp-json\/wp\/v2\/comments?post=805557"}],"version-history":[{"count":3,"href":"https:\/\/penguinaula.com\/es\/wp-json\/wp\/v2\/pages\/805557\/revisions"}],"predecessor-version":[{"id":806005,"href":"https:\/\/penguinaula.com\/es\/wp-json\/wp\/v2\/pages\/805557\/revisions\/806005"}],"up":[{"embeddable":true,"href":"https:\/\/penguinaula.com\/es\/wp-json\/wp\/v2\/pages\/805551"}],"wp:attachment":[{"href":"https:\/\/penguinaula.com\/es\/wp-json\/wp\/v2\/media?parent=805557"}],"curies":[{"name":"wp","href":"https:\/\/api.w.org\/{rel}","templated":true}]}}