{"id":805564,"date":"2025-11-23T19:40:22","date_gmt":"2025-11-23T17:40:22","guid":{"rendered":"https:\/\/penguin.trespuntos-dev.com\/es_old\/?page_id=805564"},"modified":"2025-12-29T12:33:15","modified_gmt":"2025-12-29T10:33:15","slug":"politica-de-cookies-ca","status":"publish","type":"page","link":"https:\/\/penguinaula.com\/es\/ca\/politica-de-cookies-ca\/","title":{"rendered":"Pol\u00edtica de Cookies"},"content":{"rendered":"<h2><b>LES COOKIES o GALETES A PENGUINAULA<\/b><\/h2>\n<p>Penguinaula, com molts altres webs i apps, utilitza petits arxius inform\u00e0tics anomenats\u00a0<i>cookies<\/i>\u00a0(galetes) que permeten millorar l\u2019experi\u00e8ncia de l\u2019usuari. A continuaci\u00f3, te n\u2019informem i t\u2019expliquem com les pots configurar. Aquesta p\u00e0gina cont\u00e9 informaci\u00f3 sobre qu\u00e8 s\u00f3n les galetes, quins tipus de galetes hi ha, les galetes que utilitza Penguinaula, com les pots desactivar al teu navegador, com pots desactivar espec\u00edficament les galetes de tercers per a anuncis i altres enlla\u00e7os informatius d\u2019utilitat sobre el tema. Hem intentat explicar tots els punts importants de manera senzilla i clara; si creus que ens hem descuidat d\u2019alguna cosa, si us plau, posa\u2019t en contacte amb nosaltres escrivint a lopd@penguinrandomhouse.com amb l\u2019assumpte \u00abGaletes\u00bb.<\/p>\n<h2><b>QU\u00c8 S\u00d3N LES GALETES?<\/b><\/h2>\n<p>Les galetes s\u00f3n petits arxius de text que un servidor web instal\u00b7la al teu ordinador o al teu m\u00f2bil a trav\u00e9s del navegador (com ara Internet Explorer, Firefox, Chrome o Safari) o d\u2019una aplicaci\u00f3 Flash. Cada galeta \u00e9s \u00fanica, i nom\u00e9s el servidor que l\u2019ha instal\u00b7lat en pot llegir el contingut. Aquest contingut \u00e9s an\u00f2nim (per exemple, un identificador \u00fanic, el nom del web i alguns d\u00edgits). Les galetes permeten que els webs o les apps recordin la teva informaci\u00f3 durant una visita (en el cas de les anomenades \u201cgaletes de la sessi\u00f3\u201d) o durant diverses visites (les anomenades \u201cgaletes persistents\u201d) i emmagatzemin informaci\u00f3 sobre les teves prefer\u00e8ncies per oferir-te una experi\u00e8ncia personalitzada, m\u00e9s f\u00e0cil i r\u00e0pida. Alguns webs i apps tamb\u00e9 utilitzen galetes per mostrar-te anuncis en funci\u00f3 de, per exemple, la teva ubicaci\u00f3 o els teus h\u00e0bits de navegaci\u00f3. Finalment, les galetes les pot instal\u00b7lar el web o l\u2019app que est\u00e0s visitant (s\u00f3n les anomenades \u201cgaletes pr\u00f2pies\u201d) o altres webs amb un contingut que s\u2019executa al web o a l\u2019app que est\u00e0s visitant (les \u201cgaletes de tercers\u201d).<\/p>\n<h2><b>TIPUS DE GALETES<\/b><\/h2>\n<p><strong>GALETES PR\u00d2PIES<\/strong><\/p>\n<p>S\u00f3n les que instal\u00b7la el web o l\u2019app que est\u00e0s visitant, i nom\u00e9s aquell web o aquella app en pot llegir el contingut.<span class=\"Apple-converted-space\">\u00a0<\/span><\/p>\n<p><strong>GALETES DE TERCERS<\/strong><\/p>\n<p>S\u00f3n les que instal\u00b7la una organitzaci\u00f3 diferent de la del propietari del web o l\u2019app que est\u00e0s visitant. En s\u00f3n un exemple els serveis com ara Google Analytics, que instal\u00b7len la seva pr\u00f2pia galeta per poder recollir dades i elaborar estad\u00edstiques sobre el rendiment i l\u2019\u00fas del web o de l\u2019app; altres organitzacions que poden estar instal\u00b7lant la seva pr\u00f2pia galeta al web que est\u00e0s visitant s\u00f3n Facebook, Twitter, YouTube i en general qualsevol que permeti al web que visites incloure-hi els seus continguts. Les galetes de tercers tamb\u00e9 les pot instal\u00b7lar un servei de publicitat per mostrar anuncis en funci\u00f3 de dades com ara la teva localitzaci\u00f3 o les teves prefer\u00e8ncies de navegaci\u00f3. Aquestes galetes tamb\u00e9 li poden servir per fer un seguiment de la teva navegaci\u00f3 per diversos webs.<span class=\"Apple-converted-space\">\u00a0<\/span><\/p>\n<p><strong>GALETES DE LA SESSI\u00d3<\/strong><\/p>\n<p>Les galetes de la sessi\u00f3 s\u2019emmagatzemen de manera estrictament temporal durant una sessi\u00f3 de navegaci\u00f3 i s\u2019esborren del teu ordinador o del teu m\u00f2bil quan tanques el navegador.<\/p>\n<p><strong>GALETES PERSISTENTS<\/strong><\/p>\n<p>S\u2019instal\u00b7len durant un per\u00edode fix (generalment un any o m\u00e9s) i no s\u2019esborren quan tanques el navegador. S\u2019utilitzen per recollir informaci\u00f3 que s\u2019apliqui d\u2019una sessi\u00f3 a una altra; per exemple, per recordar les teves prefer\u00e8ncies la pr\u00f2xima vegada que accedeixis al web o a l\u2019app.<\/p>\n<p><strong>GALETES FLASH<\/strong><\/p>\n<p>Molts webs utilitzen el reproductor d\u2019Adobe per mostrar v\u00eddeos o jocs. En aquest cas Adobe instal\u00b7la la seva pr\u00f2pia galeta, i no ho fa a trav\u00e9s del teu navegador sin\u00f3 del seu reproductor Adobe Flash Player. Pots configurar totes les galetes, independentment del tipus, des de les prefer\u00e8ncies del teu navegador o des del web d\u2019Adobe.<\/p>\n<p><strong>GALETES D\u2019ANAL\u00cdTICA WEB<\/strong><\/p>\n<p>Les cookies anal\u00edtiques s\u00f3n aquelles que permeten al responsable d\u2019aquestes el seguiment i an\u00e0lisi del comportament dels usuaris de les p\u00e0gines web a les quals estiguin vinculades, incl\u00f2s el nombre de p\u00e0gines visitades, l\u2019idioma utilitzat, la freq\u00fc\u00e8ncia i reincid\u00e8ncia de les visites, el temps de les visites i perman\u00e8ncia en cada apartat de la nostra Web, la quantificaci\u00f3 dels impactes dels anuncis o el navegador utilitzat, entre altres.<br \/>\nLa informaci\u00f3 recollida mitjan\u00e7ant aquesta mena de cookies ja sigui per nosaltres o per tercers, permetria quantificar el nombre d\u2019usuaris i aix\u00ed realitzar el mesurament i an\u00e0lisi estad\u00edstica de la utilitzaci\u00f3 que fan els usuaris de la nostra Web. Per a aix\u00f2 s\u2019analitza la seva navegaci\u00f3 a trav\u00e9s de la nostra Web amb la finalitat de millorar l\u2019oferta dels productes o serveis que oferim. Entre altres, analitzem l\u2019origen de les visites, els apartats i continguts visualitzats i el temps de navegaci\u00f3 general i de cada apartat visitat.<br \/>\nNo utilitzem cookies anal\u00edtiques. No obstant aix\u00f2, si has activat la funcionalitat de Google\u00a0Signals\u00a0has de saber que Google\u00a0Analytics\u00a0estar\u00e0 recaptant informaci\u00f3 teva agregada.<br \/>\nGoogle\u00a0Signals\u00a0\u00e9s una eina de Google\u00a0Analytics\u00a0que li permet rastrejar i recaptar informaci\u00f3 agregada de m\u00faltiples sessions i dispositius en els quals estigui\u00a0logueado\u00a0l\u2019usuari.<br \/>\nPer a m\u00e9s informaci\u00f3 sobre com configurar la funcionalitat de Google Signals, dirigeix-te a\u00a0<a href=\"https:\/\/support.google.com\/analytics\/answer\/7532985?hl=es&amp;ref_topic=7668613#zippy=%2Cin-this-article%2Csecciones-de-este-art%C3%ADculo\">https:\/\/support.google.com\/analytics\/answer\/7532985?hl=es&amp;ref_topic=7668613#zippy=%2Cin-this-article%2Csecciones-de-este-art%C3%ADculo<\/a><\/p>\n<h2 class=\"p1\">LES GALETES A PENGUINAULA.COM\u00a0<span class=\"Apple-converted-space\">\u00a0<\/span><\/h2>\n<p>Penguinaula incorpora galetes per poder-te oferir la millor experi\u00e8ncia de navegaci\u00f3 i els continguts que et poden interessar m\u00e9s. No s\u2019utilitzen en cap cas per recollir informaci\u00f3 de car\u00e0cter personal.<\/p>\n<h2><b>PER QU\u00c8 LES UTILITZEM?<\/b><\/h2>\n<p><strong>GALETES D\u2019AN\u00c0LISI<\/strong><\/p>\n<p>Penguinaula utilitza el servei d\u2019an\u00e0lisi Google Analytics per recollir dades com ara la quantitat de visites que rep, quin \u00e9s el temps mitj\u00e0 d\u2019una visita o quines p\u00e0gines han estat les m\u00e9s visitades. La galeta de tercers que permet fer aquest seguiment nom\u00e9s s\u2019utilitza amb finalitats estad\u00edstiques i no recull dades de car\u00e0cter personal, tret que siguis un usuari registrat de Penguinaula; en aquest cas, recull les dades que tu mateix vas facilitar durant el registre, com ara el nom d\u2019usuari i l\u2019adre\u00e7a electr\u00f2nica (la contrasenya, evidentment, continua sent confidencial i nom\u00e9s la coneixes tu). Molts webs utilitzen Google Analytics per optimitzar les seves p\u00e0gines i t\u2019ofereix els continguts que m\u00e9s et poden interessar, per\u00f2 si no vols que reculli dades sobre la teva navegaci\u00f3 pots instal\u00b7lar en el teu navegador el complement d\u2019inhabilitaci\u00f3 per a navegadors de Google Analytics (s\u2019explica com ho pots fer a l\u2019\u00faltim apartat de la pol\u00edtica de galetes).<span class=\"Apple-converted-space\">\u00a0<\/span><\/p>\n<p><strong>GALETES DE REGISTRE<\/strong><\/p>\n<p>Quan et registres a Penguinaula, generem una galeta que indica si has iniciat sessi\u00f3 o no. El nostre servidor utilitza aquesta galeta per saber amb quin compte has iniciat sessi\u00f3 i si aquell compte t\u2019ha de donar acc\u00e9s a un servei determinat. Tamb\u00e9 ens permet associar els comentaris que publiques amb el teu nom d\u2019usuari. La galeta de registre \u00e9s una galeta de sessi\u00f3 i, per tant, s\u2019esborra quan tanques el navegador.<span class=\"Apple-converted-space\">\u00a0<\/span><\/p>\n<p><strong>GALETES DE TERCERS<\/strong><\/p>\n<p>Algunes organitzacions alienes a la propietat de Penguinaula poden instal\u00b7lar galetes de tercers en algunes de les seves p\u00e0gines quan aix\u00f2 sigui necessari per prestar els seus serveis. \u00c9s el cas, per exemple, de Facebook, Twitter o Google+: quan comparteixes un contingut del nostre web mitjan\u00e7ant un dels seus botons, l\u2019acci\u00f3 queda registrada per la xarxa social que ha creat el bot\u00f3.<\/p>\n<p class=\"p1\"><strong>Com pots configurar les galetes\u00a0<\/strong>.<span class=\"Apple-converted-space\">\u00a0<\/span><\/p>\n<p>Totes les galetes, tret de les Flash, les pots gestionar des del teu navegador, normalment a la secci\u00f3 \u00abOpcions\u00bb o \u00abPrefer\u00e8ncies\u00bb. Les pots desactivar del tot, i en aquest cas el teu navegador no permetr\u00e0 que se n\u2019instal\u00b7li cap, o nom\u00e9s les que provinguin de certs webs: aquesta \u00faltima opci\u00f3 et permet gaudir de les funcionalitats avan\u00e7ades dels webs que respecten la privacitat de les teves dades, com ara Penguinaula, i excloure-hi les que no ho facin. Tots els navegadors tenen una secci\u00f3 d\u2019ajuda que t\u2019indicar\u00e0 com pots gestionar les galetes. Les instruccions dels navegadors m\u00e9s utilitzats tamb\u00e9 les pots trobar als enlla\u00e7os que posem a la teva disposici\u00f3 a l\u2019\u00faltim apartat de la pol\u00edtica de galetes.<\/p>\n<p>Si vols eliminar la publicitat originada per les galetes de tercers, tamb\u00e9 tens l\u2019opci\u00f3 d\u2019instal\u00b7lar en el teu navegador un connector com ara AdBlock que bloquegi els anuncis. Finalment, pots gestionar les galetes instal\u00b7lades per Adobe Flash Player des del web d\u2019Adobe.<\/p>\n<h2><b>AQUEST WEB UTILITZA ELS TIPUS DE GALETES SEG\u00dcENTS:<\/b><\/h2>\n<p>Aquest lloc web pot utilitzar galetes per facilitar la navegaci\u00f3 i millorar la qualitat de la prestaci\u00f3 dels nostres serveis a l\u2019usuari de manera an\u00f2nima. No obstant aix\u00f2, l\u2019usuari pot configurar el seu equip per acceptar o rebutjar les galetes que rebi (a les prefer\u00e8ncies o les opcions de privacitat del seu navegador).<\/p>\n<p>La taula seg\u00fcent explica les galetes que fem servir i la seva finalitat:<\/p>\n<table class=\"t1\" cellspacing=\"0\" cellpadding=\"0\">\n<tbody>\n<tr>\n<td class=\"td1\" valign=\"top\"><b>Galeta<\/b><\/td>\n<td class=\"td2\" valign=\"top\"><b>Prop\u00f2sit<\/b><\/td>\n<td class=\"td3\" valign=\"top\"><b>M\u00e9s informaci\u00f3<\/b><\/td>\n<\/tr>\n<tr>\n<td class=\"td4\" valign=\"top\">\n<p class=\"p1\"><strong><i>Google Analytics<span class=\"Apple-converted-space\">\u00a0<\/span><\/i><\/strong><\/p>\n<\/td>\n<td class=\"td5\" valign=\"top\"><i>Recollir dades de navegaci\u00f3 de manera an\u00f2nima amb la finalitat d\u2019analitzar la informaci\u00f3 recollida per millorar el web.<\/i><\/td>\n<td class=\"td6\" valign=\"top\">\n<p class=\"p2\"><a href=\"http:\/\/www.google.com\/policies\/privacy\/\">http:\/\/www.google.com\/policies\/privacy\/<\/a><\/p>\n<\/td>\n<\/tr>\n<tr>\n<td class=\"td7\" valign=\"top\">\n<p class=\"p1\"><strong>Hotjar<\/strong><\/p>\n<\/td>\n<td class=\"td8\" valign=\"top\"><i>Recollir dades de navegaci\u00f3 de manera an\u00f2nima amb la finalitat d\u2019analitzar la informaci\u00f3 recollida per millorar el web.<\/i><\/td>\n<td class=\"td9\" valign=\"top\">\n<p class=\"p3\"><a href=\"https:\/\/www.hotjar.com\/legal\/policies\/privacy\/\">https:\/\/www.hotjar.com\/legal\/policies\/privacy\/<\/a><span class=\"s2\"><span class=\"Apple-converted-space\">\u00a0<\/span><\/span><\/p>\n<\/td>\n<\/tr>\n<tr>\n<td class=\"td10\" valign=\"top\"><em><strong>Iniciar sessi\u00f3 amb Facebook<\/strong><\/em><\/td>\n<td class=\"td11\" valign=\"top\"><i>Galetes d\u2019integraci\u00f3 del servei Iniciar sessi\u00f3 amb Facebook<\/i><\/td>\n<td class=\"td12\" valign=\"top\">\n<p class=\"p2\"><a href=\"https:\/\/www.facebook.com\/about\/privacy\/\">https:\/\/www.facebook.com\/about\/privacy\/<\/a><\/p>\n<\/td>\n<\/tr>\n<tr>\n<td class=\"td7\" valign=\"top\"><strong><i>Google Tag Manager<\/i><\/strong><\/td>\n<td class=\"td8\" valign=\"top\"><i>Recollir dades de navegaci\u00f3 de manera an\u00f2nima amb la finalitat d\u2019analitzar la informaci\u00f3 recollida per millorar el web.<\/i><\/td>\n<td class=\"td9\" valign=\"top\">\n<p class=\"p2\"><a href=\"http:\/\/www.google.com\/policies\/privacy\/\">http:\/\/www.google.com\/policies\/privacy\/<\/a><\/p>\n<\/td>\n<\/tr>\n<tr>\n<td class=\"td10\" valign=\"top\"><strong><i>Google Sign-in for Websites<\/i><\/strong><\/td>\n<td class=\"td11\" valign=\"top\"><i>Galetes d\u2019integraci\u00f3 del servei Google Sign-in for Websites<\/i><\/td>\n<td class=\"td12\" valign=\"top\">\n<p class=\"p2\"><span class=\"s3\">\u00a0<a href=\"https:\/\/policies.google.com\/privacy?hl=es\"><span class=\"s4\">https:\/\/policies.google.com\/privacy?hl=es<\/span><\/a><span class=\"Apple-converted-space\">\u00a0<\/span><\/span><\/p>\n<p class=\"p1\">\n<\/td>\n<\/tr>\n<\/tbody>\n<\/table>\n<p>Per a consultes sobre l\u2019\u00fas de les galetes als webs de Penguin Random House Grupo Editorial, S.\u00a0A.\u00a0U., et pots posar en contacte amb nosaltres escrivint a\u00a0<a href=\"mailto:lopd@penguinrandomhouse.com\"><b>lopd@penguinrandomhouse.com<\/b><\/a>\u00a0i especificant \u00abGaletes\u00bb a la l\u00ednia d\u2019assumpte del teu correu electr\u00f2nic.<\/p>\n","protected":false},"excerpt":{"rendered":"<p>LES COOKIES o GALETES A PENGUINAULA Penguinaula, com molts altres webs i apps, utilitza petits arxius inform\u00e0tics anomenats\u00a0cookies\u00a0(galetes) que permeten millorar l\u2019experi\u00e8ncia de l\u2019usuari. A continuaci\u00f3, te n\u2019informem i t\u2019expliquem com les pots configurar. Aquesta p\u00e0gina cont\u00e9 informaci\u00f3 sobre qu\u00e8 s\u00f3n les galetes, quins tipus de galetes hi ha, les galetes que utilitza Penguinaula, com [&hellip;]<\/p>\n","protected":false},"author":2,"featured_media":0,"parent":0,"menu_order":0,"comment_status":"closed","ping_status":"closed","template":"","meta":{"_acf_changed":false,"inline_featured_image":false,"footnotes":""},"class_list":["post-805564","page","type-page","status-publish","hentry"],"acf":[],"yoast_head":"<!-- This site is optimized with the Yoast SEO plugin v27.3 - https:\/\/yoast.com\/product\/yoast-seo-wordpress\/ -->\n<title>Pol\u00edtica de Cookies - Penguin Aula<\/title>\n<meta name=\"robots\" content=\"noindex, nofollow\" \/>\n<meta property=\"og:locale\" content=\"es_ES\" \/>\n<meta property=\"og:type\" content=\"article\" \/>\n<meta property=\"og:title\" content=\"Pol\u00edtica de Cookies - Penguin Aula\" \/>\n<meta property=\"og:description\" content=\"LES COOKIES o GALETES A PENGUINAULA Penguinaula, com molts altres webs i apps, utilitza petits arxius inform\u00e0tics anomenats\u00a0cookies\u00a0(galetes) que permeten millorar l\u2019experi\u00e8ncia de l\u2019usuari. A continuaci\u00f3, te n\u2019informem i t\u2019expliquem com les pots configurar. Aquesta p\u00e0gina cont\u00e9 informaci\u00f3 sobre qu\u00e8 s\u00f3n les galetes, quins tipus de galetes hi ha, les galetes que utilitza Penguinaula, com [&hellip;]\" \/>\n<meta property=\"og:url\" content=\"https:\/\/penguinaula.com\/es\/ca\/politica-de-cookies-ca\/\" \/>\n<meta property=\"og:site_name\" content=\"Penguin Aula\" \/>\n<meta property=\"article:modified_time\" content=\"2025-12-29T10:33:15+00:00\" \/>\n<meta name=\"twitter:card\" content=\"summary_large_image\" \/>\n<meta name=\"twitter:label1\" content=\"Est. reading time\" \/>\n\t<meta name=\"twitter:data1\" content=\"8 minutos\" \/>\n<script type=\"application\/ld+json\" class=\"yoast-schema-graph\">{\"@context\":\"https:\\\/\\\/schema.org\",\"@graph\":[{\"@type\":\"WebPage\",\"@id\":\"https:\\\/\\\/penguinaula.com\\\/es\\\/ca\\\/politica-de-cookies-ca\\\/\",\"url\":\"https:\\\/\\\/penguinaula.com\\\/es\\\/ca\\\/politica-de-cookies-ca\\\/\",\"name\":\"Pol\u00edtica de Cookies - Penguin Aula\",\"isPartOf\":{\"@id\":\"https:\\\/\\\/penguinaula.com\\\/es\\\/#website\"},\"datePublished\":\"2025-11-23T17:40:22+00:00\",\"dateModified\":\"2025-12-29T10:33:15+00:00\",\"breadcrumb\":{\"@id\":\"https:\\\/\\\/penguinaula.com\\\/es\\\/ca\\\/politica-de-cookies-ca\\\/#breadcrumb\"},\"inLanguage\":\"es-ES\",\"potentialAction\":[{\"@type\":\"ReadAction\",\"target\":[\"https:\\\/\\\/penguinaula.com\\\/es\\\/ca\\\/politica-de-cookies-ca\\\/\"]}]},{\"@type\":\"BreadcrumbList\",\"@id\":\"https:\\\/\\\/penguinaula.com\\\/es\\\/ca\\\/politica-de-cookies-ca\\\/#breadcrumb\",\"itemListElement\":[{\"@type\":\"ListItem\",\"position\":1,\"name\":\"Home\",\"item\":\"https:\\\/\\\/penguinaula.com\\\/es\\\/\"},{\"@type\":\"ListItem\",\"position\":2,\"name\":\"Pol\u00edtica de Cookies\"}]},{\"@type\":\"WebSite\",\"@id\":\"https:\\\/\\\/penguinaula.com\\\/es\\\/#website\",\"url\":\"https:\\\/\\\/penguinaula.com\\\/es\\\/\",\"name\":\"Penguin Aula\",\"description\":\"Los mejores libros para tus alumnos y para ti\",\"potentialAction\":[{\"@type\":\"SearchAction\",\"target\":{\"@type\":\"EntryPoint\",\"urlTemplate\":\"https:\\\/\\\/penguinaula.com\\\/es\\\/?s={search_term_string}\"},\"query-input\":{\"@type\":\"PropertyValueSpecification\",\"valueRequired\":true,\"valueName\":\"search_term_string\"}}],\"inLanguage\":\"es-ES\"}]}<\/script>\n<!-- \/ Yoast SEO plugin. -->","yoast_head_json":{"title":"Pol\u00edtica de Cookies - Penguin Aula","robots":{"index":"noindex","follow":"nofollow"},"og_locale":"es_ES","og_type":"article","og_title":"Pol\u00edtica de Cookies - Penguin Aula","og_description":"LES COOKIES o GALETES A PENGUINAULA Penguinaula, com molts altres webs i apps, utilitza petits arxius inform\u00e0tics anomenats\u00a0cookies\u00a0(galetes) que permeten millorar l\u2019experi\u00e8ncia de l\u2019usuari. A continuaci\u00f3, te n\u2019informem i t\u2019expliquem com les pots configurar. Aquesta p\u00e0gina cont\u00e9 informaci\u00f3 sobre qu\u00e8 s\u00f3n les galetes, quins tipus de galetes hi ha, les galetes que utilitza Penguinaula, com [&hellip;]","og_url":"https:\/\/penguinaula.com\/es\/ca\/politica-de-cookies-ca\/","og_site_name":"Penguin Aula","article_modified_time":"2025-12-29T10:33:15+00:00","twitter_card":"summary_large_image","twitter_misc":{"Est. reading time":"8 minutos"},"schema":{"@context":"https:\/\/schema.org","@graph":[{"@type":"WebPage","@id":"https:\/\/penguinaula.com\/es\/ca\/politica-de-cookies-ca\/","url":"https:\/\/penguinaula.com\/es\/ca\/politica-de-cookies-ca\/","name":"Pol\u00edtica de Cookies - Penguin Aula","isPartOf":{"@id":"https:\/\/penguinaula.com\/es\/#website"},"datePublished":"2025-11-23T17:40:22+00:00","dateModified":"2025-12-29T10:33:15+00:00","breadcrumb":{"@id":"https:\/\/penguinaula.com\/es\/ca\/politica-de-cookies-ca\/#breadcrumb"},"inLanguage":"es-ES","potentialAction":[{"@type":"ReadAction","target":["https:\/\/penguinaula.com\/es\/ca\/politica-de-cookies-ca\/"]}]},{"@type":"BreadcrumbList","@id":"https:\/\/penguinaula.com\/es\/ca\/politica-de-cookies-ca\/#breadcrumb","itemListElement":[{"@type":"ListItem","position":1,"name":"Home","item":"https:\/\/penguinaula.com\/es\/"},{"@type":"ListItem","position":2,"name":"Pol\u00edtica de Cookies"}]},{"@type":"WebSite","@id":"https:\/\/penguinaula.com\/es\/#website","url":"https:\/\/penguinaula.com\/es\/","name":"Penguin Aula","description":"Los mejores libros para tus alumnos y para ti","potentialAction":[{"@type":"SearchAction","target":{"@type":"EntryPoint","urlTemplate":"https:\/\/penguinaula.com\/es\/?s={search_term_string}"},"query-input":{"@type":"PropertyValueSpecification","valueRequired":true,"valueName":"search_term_string"}}],"inLanguage":"es-ES"}]}},"_links":{"self":[{"href":"https:\/\/penguinaula.com\/es\/wp-json\/wp\/v2\/pages\/805564","targetHints":{"allow":["GET"]}}],"collection":[{"href":"https:\/\/penguinaula.com\/es\/wp-json\/wp\/v2\/pages"}],"about":[{"href":"https:\/\/penguinaula.com\/es\/wp-json\/wp\/v2\/types\/page"}],"author":[{"embeddable":true,"href":"https:\/\/penguinaula.com\/es\/wp-json\/wp\/v2\/users\/2"}],"replies":[{"embeddable":true,"href":"https:\/\/penguinaula.com\/es\/wp-json\/wp\/v2\/comments?post=805564"}],"version-history":[{"count":2,"href":"https:\/\/penguinaula.com\/es\/wp-json\/wp\/v2\/pages\/805564\/revisions"}],"predecessor-version":[{"id":806357,"href":"https:\/\/penguinaula.com\/es\/wp-json\/wp\/v2\/pages\/805564\/revisions\/806357"}],"wp:attachment":[{"href":"https:\/\/penguinaula.com\/es\/wp-json\/wp\/v2\/media?parent=805564"}],"curies":[{"name":"wp","href":"https:\/\/api.w.org\/{rel}","templated":true}]}}